{"id":3880,"date":"2021-05-09T14:36:02","date_gmt":"2021-05-09T12:36:02","guid":{"rendered":"http:\/\/serwer1761761.home.pl\/morolma_wp\/?page_id=3880"},"modified":"2021-05-10T22:38:17","modified_gmt":"2021-05-10T20:38:17","slug":"kosiarka-bijakowa-tylno-boczna-kowalski","status":"publish","type":"page","link":"http:\/\/morolma.pl\/index.php\/kosiarka-bijakowa-tylno-boczna-kowalski\/","title":{"rendered":"Kosiarka bijakowa tylno-boczna Kowalski"},"content":{"rendered":"<div class=\"wpb-content-wrapper\"><p>[vc_row][vc_column width=&#8221;1\/4&#8243;][vc_single_image image=&#8221;3968&#8243; img_size=&#8221;medium&#8221; alignment=&#8221;center&#8221; style=&#8221;vc_box_border&#8221; onclick=&#8221;link_image&#8221;]<div style=\"margin:;\" class=\"special-heading\">\r\n\t\t\t\t\t<h1 style=\"font-size:18px; font-weight:500; line-height:; text-align:left; text-transform:none; color:#ffffff;\">TYPY KOSIAREK<\/h1>\r\n\t\t\t\t\t\r\n\t\t\t\t\t<p style=\"font-size:; text-align:left; color:;\"><\/p>\r\n\t\t\t\t<\/div>[vc_column_text]<\/p>\n<ul>\n<li>KB14 Z-017\/1<\/li>\n<li>KB16 Z-017<\/li>\n<\/ul>\n<p>[\/vc_column_text]<div style=\"margin:;\" class=\"special-heading\">\r\n\t\t\t\t\t<h1 style=\"font-size:18px; font-weight:500; line-height:; text-align:left; text-transform:none; color:#ffffff;\">Galeria<\/h1>\r\n\t\t\t\t\t\r\n\t\t\t\t\t<p style=\"font-size:; text-align:left; color:;\"><\/p>\r\n\t\t\t\t<\/div>[vc_media_grid element_width=&#8221;6&#8243; grid_id=&#8221;vc_gid:1620679054909-fb4133ad-b785-4&#8243; include=&#8221;3969,3970&#8243;][\/vc_column][vc_column width=&#8221;3\/4&#8243;]<div style=\"margin:;\" class=\"special-heading\">\r\n\t\t\t\t\t<h1 style=\"font-size:24px; font-weight:500; line-height:; text-align:left; text-transform:none; color:#ffffff;\">KOSIARKI BIJAKOWE DO POBOCZY<\/h1>\r\n\t\t\t\t\t\r\n\t\t\t\t\t<p style=\"font-size:18px; text-align:left; color:#ff893a;\">tylno-boczna RB, rozdrabniacz do poboczy, mulcher<\/p>\r\n\t\t\t\t<\/div><div style=\"margin:;\" class=\"special-heading\">\r\n\t\t\t\t\t<h1 style=\"font-size:14px; font-weight:400; line-height:; text-align:left; text-transform:none; color:#ffffff;\">Producent KOWALSKI Wrze\u015bnia<\/p>\n<p>Kosiarki bijakowe KB14 Z 017\/1 i KB16 Z-017 tylno-boczne przeznaczone s\u0105 do prac zwi\u0105zanych z utrzymaniem infrastruktury komunalnej (\u015brednie warunki pracy), zieleni miejskiej oraz w sadach i terenach zalesionych. Maszyny tego typu stosowane s\u0105 do koszenia traw w rowach,sadach itp., rozdrabniania obci\u0119tych ga\u0142\u0119zi drzew, \u015bcinania chwast\u00f3w i zaro\u015bli na terenach niezagospodarowanych.<\/h1>\r\n\t\t\t\t\t\r\n\t\t\t\t\t<p style=\"font-size:; text-align:left; color:;\"><\/p>\r\n\t\t\t\t<\/div>[vc_column_text]<\/p>\n<p class=\"pad_bot1\">Kosiarka bijakowa KB14 i KB16 jest maszyn\u0105 zaczepian\u0105 z ty\u0142u ci\u0105gnika idealnie nadaj\u0105c\u0105 sie do koszenia przydro\u017cnych poboczy,skarp i pas\u00f3w zieleni.<\/p>\n<p class=\"pad_bot1\">Kosiarka bijakowa KB14 jest maszyn\u0105 klasy \u015bredniej natomiast kosiarka bijakowa KB16 jest maszyn\u0105 klasy ci\u0119\u017ckiej do pracy w ci\u0119\u017ckich warunkach zar\u00f3wno do firm rolniczych jak i komunalnych.<\/p>\n<p class=\"pad_bot1\">Rozdrabniacz bijakowy idealne dopasowuje si\u0119 do pod\u0142o\u017ca. Dodatkow\u0105 zalet\u0105 jest cicho pracuj\u0105cy wa\u0142 roboczy.Regulacja wysoko\u015bci koszenia poprzez regulacj\u0119 wysoko\u015bci wa\u0142u kopiuj\u0105cego.<\/p>\n<p class=\"pad_bot1\">Solidna, zwarta oraz kompaktowa budowa umo\u017cliwia prac\u0119 w trudnym (kamienistym) terenie.Nap\u0119d wa\u0142u bijakowego poprzez wysokiej klasy przek\u0142adni\u0119 k\u0105tow\u0105 firmy Comer wyposa\u017conej w sprz\u0119g\u0142o jednokierunkowe.<\/p>\n<p class=\"pad_bot1\">Dodatkowym atutem s\u0105 przeciwno\u017ce wewn\u0105trz korpusu dodatkowo rozdrabniaj\u0105ce koszony materia\u0142 a uk\u0142ad sterowania oparty na dw\u00f3ch si\u0142ownikach hydraulicznych dwustronnego dzia\u0142ania.<br \/>\nZawieszenie na pantografach umo\u017cliwia koszenie row\u00f3w ca\u0142\u0105 szeroko\u015bci\u0105.<\/p>\n<p>[\/vc_column_text][\/vc_column][\/vc_row][vc_row content_placement=&#8221;top&#8221;][vc_column width=&#8221;1\/4&#8243;][\/vc_column][vc_column width=&#8221;3\/4&#8243;]<div style=\"margin:;\" class=\"special-heading\">\r\n\t\t\t\t\t<h1 style=\"font-size:18px; font-weight:500; line-height:; text-align:left; text-transform:none; color:#ffffff;\">Dost\u0119pne s\u0105 w czterech szeroko\u015bciach roboczych:<\/h1>\r\n\t\t\t\t\t\r\n\t\t\t\t\t<p style=\"font-size:; text-align:left; color:;\"><\/p>\r\n\t\t\t\t<\/div>[vc_row_inner css=&#8221;.vc_custom_1615243568094{margin-right: 40px !important;}&#8221;][vc_column_inner width=&#8221;1\/4&#8243;]<div class=\"iconbox  iconbox-style-1\">\r\n\t\t\t\t\t\t<i style=\"color:; background-color:;\" class=\"fa fas fa-arrows-alt-h \"><\/i>\r\n\t\t\t\t\t\t<div class=\"iconbox-content\">\r\n\t\t\t\t\t\t\t<h3 style=\"color:;\"><\/h3>\r\n\t\t\t\t\t\t\t<p style=\"color:;\">1,4 m<\/p>\r\n                        \t                        \r\n\t\t\t\t\t\t<\/div>\r\n\t\t\t\t\t<\/div>[\/vc_column_inner][vc_column_inner width=&#8221;1\/4&#8243;]<div class=\"iconbox  iconbox-style-1\">\r\n\t\t\t\t\t\t<i style=\"color:; background-color:;\" class=\"fa fas fa-arrows-alt-h \"><\/i>\r\n\t\t\t\t\t\t<div class=\"iconbox-content\">\r\n\t\t\t\t\t\t\t<h3 style=\"color:;\"><\/h3>\r\n\t\t\t\t\t\t\t<p style=\"color:;\">1,6 m<\/p>\r\n                        \t                        \r\n\t\t\t\t\t\t<\/div>\r\n\t\t\t\t\t<\/div>[\/vc_column_inner][\/vc_row_inner][\/vc_column][\/vc_row][vc_row][vc_column][vc_raw_html]JTVCc3Vwc3lzdGljLXRhYmxlcyUyMGlkJTNENTIlNUQ=[\/vc_raw_html][\/vc_column][\/vc_row]<\/p>\n<\/div>","protected":false},"excerpt":{"rendered":"<p>[vc_row][vc_column width=&#8221;1\/4&#8243;][vc_single_image image=&#8221;3968&#8243; img_size=&#8221;medium&#8221; alignment=&#8221;center&#8221; style=&#8221;vc_box_border&#8221; onclick=&#8221;link_image&#8221;][vc_column_text] KB14 Z-017\/1 KB16 Z-017 [\/vc_column_text][vc_media_grid element_width=&#8221;6&#8243; grid_id=&#8221;vc_gid:1620679054909-fb4133ad-b785-4&#8243; include=&#8221;3969,3970&#8243;][\/vc_column][vc_column width=&#8221;3\/4&#8243;][vc_column_text] Kosiarka bijakowa KB14 i KB16 jest maszyn\u0105 zaczepian\u0105 z ty\u0142u ci\u0105gnika idealnie nadaj\u0105c\u0105 sie do koszenia przydro\u017cnych poboczy,skarp i pas\u00f3w zieleni. Kosiarka bijakowa KB14 jest maszyn\u0105 klasy \u015bredniej natomiast kosiarka bijakowa KB16 jest maszyn\u0105 [&hellip;]<\/p>\n","protected":false},"author":1,"featured_media":0,"parent":0,"menu_order":0,"comment_status":"closed","ping_status":"closed","template":"","meta":{"footnotes":""},"class_list":["post-3880","page","type-page","status-publish","hentry"],"_links":{"self":[{"href":"http:\/\/morolma.pl\/index.php\/wp-json\/wp\/v2\/pages\/3880","targetHints":{"allow":["GET"]}}],"collection":[{"href":"http:\/\/morolma.pl\/index.php\/wp-json\/wp\/v2\/pages"}],"about":[{"href":"http:\/\/morolma.pl\/index.php\/wp-json\/wp\/v2\/types\/page"}],"author":[{"embeddable":true,"href":"http:\/\/morolma.pl\/index.php\/wp-json\/wp\/v2\/users\/1"}],"replies":[{"embeddable":true,"href":"http:\/\/morolma.pl\/index.php\/wp-json\/wp\/v2\/comments?post=3880"}],"version-history":[{"count":6,"href":"http:\/\/morolma.pl\/index.php\/wp-json\/wp\/v2\/pages\/3880\/revisions"}],"predecessor-version":[{"id":3971,"href":"http:\/\/morolma.pl\/index.php\/wp-json\/wp\/v2\/pages\/3880\/revisions\/3971"}],"wp:attachment":[{"href":"http:\/\/morolma.pl\/index.php\/wp-json\/wp\/v2\/media?parent=3880"}],"curies":[{"name":"wp","href":"https:\/\/api.w.org\/{rel}","templated":true}]}}