{"id":3887,"date":"2021-05-09T14:55:40","date_gmt":"2021-05-09T12:55:40","guid":{"rendered":"http:\/\/serwer1761761.home.pl\/morolma_wp\/?page_id=3887"},"modified":"2021-05-09T15:08:49","modified_gmt":"2021-05-09T13:08:49","slug":"komunalne-kosiarka-bijakowa-boczna-wrzesnia","status":"publish","type":"page","link":"http:\/\/morolma.pl\/index.php\/komunalne-kosiarka-bijakowa-boczna-wrzesnia\/","title":{"rendered":"Komunalne kosiarka bijakowa boczna Wrze\u015bnia"},"content":{"rendered":"<div class=\"wpb-content-wrapper\"><p>[vc_row][vc_column width=&#8221;1\/4&#8243;][vc_single_image image=&#8221;3890&#8243; img_size=&#8221;medium&#8221; alignment=&#8221;center&#8221; style=&#8221;vc_box_border&#8221; onclick=&#8221;link_image&#8221;][vc_row_inner css=&#8221;.vc_custom_1615243568094{margin-right: 40px !important;}&#8221;][vc_column_inner][\/vc_column_inner][\/vc_row_inner][\/vc_column][vc_column width=&#8221;3\/4&#8243;]<div style=\"margin:;\" class=\"special-heading\">\r\n\t\t\t\t\t<h1 style=\"font-size:24px; font-weight:500; line-height:; text-align:left; text-transform:none; color:#ffffff;\">KOSIARKI BIJAKOWE DO POBOCZY<\/h1>\r\n\t\t\t\t\t\r\n\t\t\t\t\t<p style=\"font-size:18px; text-align:left; color:#ff893a;\">boczna KBB16 Z-018<\/p>\r\n\t\t\t\t<\/div><div style=\"margin:;\" class=\"special-heading\">\r\n\t\t\t\t\t<h1 style=\"font-size:14px; font-weight:400; line-height:; text-align:left; text-transform:none; color:#ffffff;\">Producent KOWALSKI Wrze\u015bnia<\/p>\n<p>Kosiarka bijakowa boczna KBB16 jest maszyn\u0105 zaczepian\u0105 z ty\u0142u ci\u0105gnika idealnie nadaj\u0105ca si\u0119 do koszenia pas\u00f3w zieleni w terenach zabudowanych i poboczach dr\u00f3g.<\/h1>\r\n\t\t\t\t\t\r\n\t\t\t\t\t<p style=\"font-size:; text-align:left; color:;\"><\/p>\r\n\t\t\t\t<\/div>[vc_column_text]<\/p>\n<p class=\"pad_bot1\">Jest to maszyna klasy ci\u0119\u017ckiej do prac w ci\u0119\u017ckich warunkach dla firm rolniczych jak i komunalnych.<\/p>\n<p>[\/vc_column_text][\/vc_column][\/vc_row][vc_row][vc_column]<div style=\"margin:;\" class=\"special-heading\">\r\n\t\t\t\t\t<h1 style=\"font-size:18px; font-weight:500; line-height:; text-align:center; text-transform:none; color:#ffffff;\">Dost\u0119pny o szeroko\u015bci roboczej:<\/h1>\r\n\t\t\t\t\t\r\n\t\t\t\t\t<p style=\"font-size:; text-align:center; color:;\"><\/p>\r\n\t\t\t\t<\/div><div class=\"iconbox  iconbox-style-1\">\r\n\t\t\t\t\t\t<i style=\"color:; background-color:;\" class=\"fa fas fa-arrows-alt-h \"><\/i>\r\n\t\t\t\t\t\t<div class=\"iconbox-content\">\r\n\t\t\t\t\t\t\t<h3 style=\"color:;\"><\/h3>\r\n\t\t\t\t\t\t\t<p style=\"color:;\">1,4 m<\/p>\r\n                        \t                        \r\n\t\t\t\t\t\t<\/div>\r\n\t\t\t\t\t<\/div>[vc_raw_html]JTVCc3Vwc3lzdGljLXRhYmxlcyUyMGlkJTNENTMlNUQ=[\/vc_raw_html][\/vc_column][\/vc_row]<\/p>\n<\/div>","protected":false},"excerpt":{"rendered":"<p>[vc_row][vc_column width=&#8221;1\/4&#8243;][vc_single_image image=&#8221;3890&#8243; img_size=&#8221;medium&#8221; alignment=&#8221;center&#8221; style=&#8221;vc_box_border&#8221; onclick=&#8221;link_image&#8221;][vc_row_inner css=&#8221;.vc_custom_1615243568094{margin-right: 40px !important;}&#8221;][vc_column_inner][\/vc_column_inner][\/vc_row_inner][\/vc_column][vc_column width=&#8221;3\/4&#8243;][vc_column_text] Jest to maszyna klasy ci\u0119\u017ckiej do prac w ci\u0119\u017ckich warunkach dla firm rolniczych jak i komunalnych. [\/vc_column_text][\/vc_column][\/vc_row][vc_row][vc_column][vc_raw_html]JTVCc3Vwc3lzdGljLXRhYmxlcyUyMGlkJTNENTMlNUQ=[\/vc_raw_html][\/vc_column][\/vc_row]<\/p>\n","protected":false},"author":1,"featured_media":0,"parent":0,"menu_order":0,"comment_status":"closed","ping_status":"closed","template":"","meta":{"footnotes":""},"class_list":["post-3887","page","type-page","status-publish","hentry"],"_links":{"self":[{"href":"http:\/\/morolma.pl\/index.php\/wp-json\/wp\/v2\/pages\/3887","targetHints":{"allow":["GET"]}}],"collection":[{"href":"http:\/\/morolma.pl\/index.php\/wp-json\/wp\/v2\/pages"}],"about":[{"href":"http:\/\/morolma.pl\/index.php\/wp-json\/wp\/v2\/types\/page"}],"author":[{"embeddable":true,"href":"http:\/\/morolma.pl\/index.php\/wp-json\/wp\/v2\/users\/1"}],"replies":[{"embeddable":true,"href":"http:\/\/morolma.pl\/index.php\/wp-json\/wp\/v2\/comments?post=3887"}],"version-history":[{"count":8,"href":"http:\/\/morolma.pl\/index.php\/wp-json\/wp\/v2\/pages\/3887\/revisions"}],"predecessor-version":[{"id":3896,"href":"http:\/\/morolma.pl\/index.php\/wp-json\/wp\/v2\/pages\/3887\/revisions\/3896"}],"wp:attachment":[{"href":"http:\/\/morolma.pl\/index.php\/wp-json\/wp\/v2\/media?parent=3887"}],"curies":[{"name":"wp","href":"https:\/\/api.w.org\/{rel}","templated":true}]}}