{"id":4025,"date":"2021-09-25T16:41:09","date_gmt":"2021-09-25T14:41:09","guid":{"rendered":"http:\/\/morolma.pl\/?page_id=4025"},"modified":"2021-09-25T16:44:52","modified_gmt":"2021-09-25T14:44:52","slug":"brona-lesna","status":"publish","type":"page","link":"http:\/\/morolma.pl\/index.php\/brona-lesna\/","title":{"rendered":"Brona le\u015bna"},"content":{"rendered":"<div class=\"wpb-content-wrapper\"><p>[vc_row][vc_column width=&#8221;1\/4&#8243;][vc_single_image image=&#8221;4026&#8243; img_size=&#8221;medium&#8221; alignment=&#8221;center&#8221; style=&#8221;vc_box_border&#8221; onclick=&#8221;link_image&#8221;]<div style=\"margin:;\" class=\"special-heading\">\r\n\t\t\t\t\t<h1 style=\"font-size:18px; font-weight:500; line-height:; text-align:left; text-transform:none; color:#ffffff;\">Zgrabiarka do ga\u0142\u0119zi<\/h1>\r\n\t\t\t\t\t\r\n\t\t\t\t\t<p style=\"font-size:; text-align:left; color:;\"><\/p>\r\n\t\t\t\t<\/div>[vc_media_grid item=&#8221;mediaGrid_ScaleInWithIcon&#8221; grid_id=&#8221;vc_gid:1632580478076-deb91d5a-31ba-2&#8243; include=&#8221;3985,3986,3987&#8243;][\/vc_column][vc_column width=&#8221;3\/4&#8243;]<div style=\"margin:;\" class=\"special-heading\">\r\n\t\t\t\t\t<h1 style=\"font-size:24px; font-weight:500; line-height:; text-align:left; text-transform:none; color:#ffffff;\">Brona le\u015bna<\/h1>\r\n\t\t\t\t\t\r\n\t\t\t\t\t<p style=\"font-size:18px; text-align:left; color:#ff893a;\">KO\u0141ASZEWSKI<\/p>\r\n\t\t\t\t<\/div><div style=\"margin:;\" class=\"special-heading\">\r\n\t\t\t\t\t<h1 style=\"font-size:14px; font-weight:400; line-height:; text-align:left; text-transform:none; color:#ffffff;\"><\/h1>\r\n\t\t\t\t\t\r\n\t\t\t\t\t<p style=\"font-size:; text-align:left; color:;\">Urz\u0105dzenie nazywane jest potocznie zwana bron\u0105 le\u015bn\u0105 s\u0142u\u017cy do sprz\u0105tania ga\u0142\u0119zi pozr\u0119bowych w miejscach zadrzewionych parki , lasy itp.<br \/>\nDocisk hydrauliczny natomiast pozwala skutecznie spryzmowane ga\u0142\u0119zie przewozi\u0107 w inne miejsce.<\/p>\r\n\t\t\t\t<\/div><div class=\"list-shortcode\"><\/p>\n<ul>\n<li>Mocowanie LKT , TUZ , \u0142adowacz czo\u0142owy lub inny (opcja dop\u0142ata)<\/li>\n<li>Mo\u017cliwo\u015b\u0107 poszerzenia zgrabiarki do 6 z\u0119b\u00f3w (opcja dop\u0142ata)<\/li>\n<li>Blachy ochronne mi\u0119dzy z\u0119bami (opcja dop\u0142ata)<\/li>\n<li>Chwytak hydrauliczny (opcja dop\u0142ata)<\/li>\n<li>Mocowanie z\u0119b\u00f3w spr\u0119\u017cynowe kt\u00f3re chroni\u0105 z\u0119by przed uszkodzeniem<\/li>\n<li>Konstrukcja zgrabiarki wykonana z materia\u0142\u00f3w 18G2A i innych<\/li>\n<li>Produkt piaskowany a nast\u0119pnie poddany procesowi malowania<br \/>\nproszkowego<\/li>\n<li>Produkt polski z gwarancj\u0105 12 m-cy<\/li>\n<li>Urz\u0105dzenia sprawdzone przez wielu zak\u0142ad\u00f3w komunalnych , le\u015bnych<br \/>\nna terenie kraju i Europy<\/li>\n<li>Posiada znaki B i CE<\/li>\n<\/ul>\n<p><\/div>[\/vc_column][\/vc_row]<\/p>\n<\/div>","protected":false},"excerpt":{"rendered":"<p>[vc_row][vc_column width=&#8221;1\/4&#8243;][vc_single_image image=&#8221;4026&#8243; img_size=&#8221;medium&#8221; alignment=&#8221;center&#8221; style=&#8221;vc_box_border&#8221; onclick=&#8221;link_image&#8221;][vc_media_grid item=&#8221;mediaGrid_ScaleInWithIcon&#8221; grid_id=&#8221;vc_gid:1632580478076-deb91d5a-31ba-2&#8243; include=&#8221;3985,3986,3987&#8243;][\/vc_column][vc_column width=&#8221;3\/4&#8243;][\/vc_column][\/vc_row]<\/p>\n","protected":false},"author":1,"featured_media":0,"parent":0,"menu_order":0,"comment_status":"closed","ping_status":"closed","template":"","meta":{"footnotes":""},"class_list":["post-4025","page","type-page","status-publish","hentry"],"_links":{"self":[{"href":"http:\/\/morolma.pl\/index.php\/wp-json\/wp\/v2\/pages\/4025","targetHints":{"allow":["GET"]}}],"collection":[{"href":"http:\/\/morolma.pl\/index.php\/wp-json\/wp\/v2\/pages"}],"about":[{"href":"http:\/\/morolma.pl\/index.php\/wp-json\/wp\/v2\/types\/page"}],"author":[{"embeddable":true,"href":"http:\/\/morolma.pl\/index.php\/wp-json\/wp\/v2\/users\/1"}],"replies":[{"embeddable":true,"href":"http:\/\/morolma.pl\/index.php\/wp-json\/wp\/v2\/comments?post=4025"}],"version-history":[{"count":1,"href":"http:\/\/morolma.pl\/index.php\/wp-json\/wp\/v2\/pages\/4025\/revisions"}],"predecessor-version":[{"id":4027,"href":"http:\/\/morolma.pl\/index.php\/wp-json\/wp\/v2\/pages\/4025\/revisions\/4027"}],"wp:attachment":[{"href":"http:\/\/morolma.pl\/index.php\/wp-json\/wp\/v2\/media?parent=4025"}],"curies":[{"name":"wp","href":"https:\/\/api.w.org\/{rel}","templated":true}]}}